{"id":889,"date":"2019-02-26T13:24:15","date_gmt":"2019-02-26T13:24:15","guid":{"rendered":"https:\/\/fleurdelysbleue.nl\/?page_id=889"},"modified":"2021-07-15T18:44:58","modified_gmt":"2021-07-15T18:44:58","slug":"castles-and-museums","status":"publish","type":"page","link":"https:\/\/fleurdelysbleue.nl\/en\/castles-and-museums\/","title":{"rendered":"Castles and museums"},"content":{"rendered":"<div class=\"fusion-fullwidth fullwidth-box fusion-builder-row-1 nonhundred-percent-fullwidth non-hundred-percent-height-scrolling\" style=\"--awb-border-radius-top-left:0px;--awb-border-radius-top-right:0px;--awb-border-radius-bottom-right:0px;--awb-border-radius-bottom-left:0px;--awb-flex-wrap:wrap;\" ><div class=\"fusion-builder-row fusion-row\"><div class=\"fusion-layout-column fusion_builder_column fusion-builder-column-0 fusion_builder_column_3_4 3_4 fusion-three-fourth fusion-column-first\" style=\"--awb-bg-size:cover;width:75%;width:calc(75% - ( ( 4% ) * 0.75 ) );margin-right: 4%;\"><div class=\"fusion-column-wrapper fusion-flex-column-wrapper-legacy\"><div class=\"fusion-text fusion-text-1\"><p><a title=\"\" href=\"http:\/\/www.tourismecorreze.com\/us\/tourisme\/fortresses_and_castles.html\" target=\"_blank\" rel=\"noopener\">Click here for more information: All the fortresses and castles in Corr\u00e8ze \u2013 Tourism in the Corr\u00e8ze<\/a><\/p>\n<p><img decoding=\"async\" class=\"alignnone size-full wp-image-194\" src=\"https:\/\/fleurdelysbleue.nl\/wp-content\/uploads\/2019\/01\/hautefort.jpg\" alt=\"\" width=\"1296\" height=\"972\" srcset=\"https:\/\/fleurdelysbleue.nl\/wp-content\/uploads\/2019\/01\/hautefort-200x150.jpg 200w, https:\/\/fleurdelysbleue.nl\/wp-content\/uploads\/2019\/01\/hautefort-300x225.jpg 300w, https:\/\/fleurdelysbleue.nl\/wp-content\/uploads\/2019\/01\/hautefort-400x300.jpg 400w, https:\/\/fleurdelysbleue.nl\/wp-content\/uploads\/2019\/01\/hautefort-600x450.jpg 600w, https:\/\/fleurdelysbleue.nl\/wp-content\/uploads\/2019\/01\/hautefort-768x576.jpg 768w, https:\/\/fleurdelysbleue.nl\/wp-content\/uploads\/2019\/01\/hautefort-800x600.jpg 800w, https:\/\/fleurdelysbleue.nl\/wp-content\/uploads\/2019\/01\/hautefort-1024x768.jpg 1024w, https:\/\/fleurdelysbleue.nl\/wp-content\/uploads\/2019\/01\/hautefort-1200x900.jpg 1200w, https:\/\/fleurdelysbleue.nl\/wp-content\/uploads\/2019\/01\/hautefort.jpg 1296w\" sizes=\"(max-width: 1296px) 100vw, 1296px\" \/><\/p>\n<h3>Arnac-Pompadour<\/h3>\n<p><img decoding=\"async\" class=\"alignnone size-full wp-image-193\" src=\"https:\/\/fleurdelysbleue.nl\/wp-content\/uploads\/2019\/01\/CHATEAU_DE_POMPADOUR_1.jpg\" alt=\"\" width=\"1024\" height=\"721\" srcset=\"https:\/\/fleurdelysbleue.nl\/wp-content\/uploads\/2019\/01\/CHATEAU_DE_POMPADOUR_1-200x141.jpg 200w, https:\/\/fleurdelysbleue.nl\/wp-content\/uploads\/2019\/01\/CHATEAU_DE_POMPADOUR_1-300x211.jpg 300w, https:\/\/fleurdelysbleue.nl\/wp-content\/uploads\/2019\/01\/CHATEAU_DE_POMPADOUR_1-400x282.jpg 400w, https:\/\/fleurdelysbleue.nl\/wp-content\/uploads\/2019\/01\/CHATEAU_DE_POMPADOUR_1-600x422.jpg 600w, https:\/\/fleurdelysbleue.nl\/wp-content\/uploads\/2019\/01\/CHATEAU_DE_POMPADOUR_1-768x541.jpg 768w, https:\/\/fleurdelysbleue.nl\/wp-content\/uploads\/2019\/01\/CHATEAU_DE_POMPADOUR_1-800x563.jpg 800w, https:\/\/fleurdelysbleue.nl\/wp-content\/uploads\/2019\/01\/CHATEAU_DE_POMPADOUR_1.jpg 1024w\" sizes=\"(max-width: 1024px) 100vw, 1024px\" \/><\/p>\n<h3>S\u00e9gur-le-Chateau<\/h3>\n<p><img decoding=\"async\" class=\"alignnone size-full wp-image-192\" src=\"https:\/\/fleurdelysbleue.nl\/wp-content\/uploads\/2019\/01\/segur-le-chateau.jpg\" alt=\"\" width=\"1600\" height=\"1067\" srcset=\"https:\/\/fleurdelysbleue.nl\/wp-content\/uploads\/2019\/01\/segur-le-chateau-200x133.jpg 200w, https:\/\/fleurdelysbleue.nl\/wp-content\/uploads\/2019\/01\/segur-le-chateau-300x200.jpg 300w, https:\/\/fleurdelysbleue.nl\/wp-content\/uploads\/2019\/01\/segur-le-chateau-400x267.jpg 400w, https:\/\/fleurdelysbleue.nl\/wp-content\/uploads\/2019\/01\/segur-le-chateau-600x400.jpg 600w, https:\/\/fleurdelysbleue.nl\/wp-content\/uploads\/2019\/01\/segur-le-chateau-768x512.jpg 768w, https:\/\/fleurdelysbleue.nl\/wp-content\/uploads\/2019\/01\/segur-le-chateau-800x534.jpg 800w, https:\/\/fleurdelysbleue.nl\/wp-content\/uploads\/2019\/01\/segur-le-chateau-1024x683.jpg 1024w, https:\/\/fleurdelysbleue.nl\/wp-content\/uploads\/2019\/01\/segur-le-chateau-1200x800.jpg 1200w, https:\/\/fleurdelysbleue.nl\/wp-content\/uploads\/2019\/01\/segur-le-chateau.jpg 1600w\" sizes=\"(max-width: 1600px) 100vw, 1600px\" \/><\/p>\n<h3>La Maison du Patrimoine<\/h3>\n<p><img decoding=\"async\" class=\"alignnone size-full wp-image-191\" src=\"https:\/\/fleurdelysbleue.nl\/wp-content\/uploads\/2019\/01\/MAISON_Du_PATRIMOINE_ARGENTAT_5.jpg\" alt=\"\" width=\"1024\" height=\"663\" srcset=\"https:\/\/fleurdelysbleue.nl\/wp-content\/uploads\/2019\/01\/MAISON_Du_PATRIMOINE_ARGENTAT_5-200x129.jpg 200w, https:\/\/fleurdelysbleue.nl\/wp-content\/uploads\/2019\/01\/MAISON_Du_PATRIMOINE_ARGENTAT_5-300x194.jpg 300w, https:\/\/fleurdelysbleue.nl\/wp-content\/uploads\/2019\/01\/MAISON_Du_PATRIMOINE_ARGENTAT_5-400x259.jpg 400w, https:\/\/fleurdelysbleue.nl\/wp-content\/uploads\/2019\/01\/MAISON_Du_PATRIMOINE_ARGENTAT_5-600x388.jpg 600w, https:\/\/fleurdelysbleue.nl\/wp-content\/uploads\/2019\/01\/MAISON_Du_PATRIMOINE_ARGENTAT_5-768x497.jpg 768w, https:\/\/fleurdelysbleue.nl\/wp-content\/uploads\/2019\/01\/MAISON_Du_PATRIMOINE_ARGENTAT_5-800x518.jpg 800w, https:\/\/fleurdelysbleue.nl\/wp-content\/uploads\/2019\/01\/MAISON_Du_PATRIMOINE_ARGENTAT_5.jpg 1024w\" sizes=\"(max-width: 1024px) 100vw, 1024px\" \/><\/p>\n<h3>Mus\u00e9e de l\u2019\u00c9v\u00each\u00e9<\/h3>\n<p><img decoding=\"async\" class=\"alignnone size-full wp-image-190\" src=\"https:\/\/fleurdelysbleue.nl\/wp-content\/uploads\/2019\/01\/musea-eveche.jpg\" alt=\"\" width=\"1024\" height=\"683\" srcset=\"https:\/\/fleurdelysbleue.nl\/wp-content\/uploads\/2019\/01\/musea-eveche-200x133.jpg 200w, https:\/\/fleurdelysbleue.nl\/wp-content\/uploads\/2019\/01\/musea-eveche-300x200.jpg 300w, https:\/\/fleurdelysbleue.nl\/wp-content\/uploads\/2019\/01\/musea-eveche-400x267.jpg 400w, https:\/\/fleurdelysbleue.nl\/wp-content\/uploads\/2019\/01\/musea-eveche-600x400.jpg 600w, https:\/\/fleurdelysbleue.nl\/wp-content\/uploads\/2019\/01\/musea-eveche-768x512.jpg 768w, https:\/\/fleurdelysbleue.nl\/wp-content\/uploads\/2019\/01\/musea-eveche-800x534.jpg 800w, https:\/\/fleurdelysbleue.nl\/wp-content\/uploads\/2019\/01\/musea-eveche.jpg 1024w\" sizes=\"(max-width: 1024px) 100vw, 1024px\" \/><\/p>\n<h3>Mus\u00e9e Labenche<\/h3>\n<p><img decoding=\"async\" class=\"alignnone size-full wp-image-189\" src=\"https:\/\/fleurdelysbleue.nl\/wp-content\/uploads\/2019\/01\/labenche.jpg\" alt=\"\" width=\"1024\" height=\"768\" srcset=\"https:\/\/fleurdelysbleue.nl\/wp-content\/uploads\/2019\/01\/labenche-200x150.jpg 200w, https:\/\/fleurdelysbleue.nl\/wp-content\/uploads\/2019\/01\/labenche-300x225.jpg 300w, https:\/\/fleurdelysbleue.nl\/wp-content\/uploads\/2019\/01\/labenche-400x300.jpg 400w, https:\/\/fleurdelysbleue.nl\/wp-content\/uploads\/2019\/01\/labenche-600x450.jpg 600w, https:\/\/fleurdelysbleue.nl\/wp-content\/uploads\/2019\/01\/labenche-768x576.jpg 768w, https:\/\/fleurdelysbleue.nl\/wp-content\/uploads\/2019\/01\/labenche-800x600.jpg 800w, https:\/\/fleurdelysbleue.nl\/wp-content\/uploads\/2019\/01\/labenche.jpg 1024w\" sizes=\"(max-width: 1024px) 100vw, 1024px\" \/><\/p>\n<\/div><div class=\"fusion-clearfix\"><\/div><\/div><\/div><\/div><\/div>\n","protected":false},"excerpt":{"rendered":"","protected":false},"author":1,"featured_media":0,"parent":0,"menu_order":0,"comment_status":"closed","ping_status":"closed","template":"","meta":{"footnotes":""},"class_list":["post-889","page","type-page","status-publish","hentry"],"_links":{"self":[{"href":"https:\/\/fleurdelysbleue.nl\/en\/wp-json\/wp\/v2\/pages\/889","targetHints":{"allow":["GET"]}}],"collection":[{"href":"https:\/\/fleurdelysbleue.nl\/en\/wp-json\/wp\/v2\/pages"}],"about":[{"href":"https:\/\/fleurdelysbleue.nl\/en\/wp-json\/wp\/v2\/types\/page"}],"author":[{"embeddable":true,"href":"https:\/\/fleurdelysbleue.nl\/en\/wp-json\/wp\/v2\/users\/1"}],"replies":[{"embeddable":true,"href":"https:\/\/fleurdelysbleue.nl\/en\/wp-json\/wp\/v2\/comments?post=889"}],"version-history":[{"count":6,"href":"https:\/\/fleurdelysbleue.nl\/en\/wp-json\/wp\/v2\/pages\/889\/revisions"}],"predecessor-version":[{"id":14467,"href":"https:\/\/fleurdelysbleue.nl\/en\/wp-json\/wp\/v2\/pages\/889\/revisions\/14467"}],"wp:attachment":[{"href":"https:\/\/fleurdelysbleue.nl\/en\/wp-json\/wp\/v2\/media?parent=889"}],"curies":[{"name":"wp","href":"https:\/\/api.w.org\/{rel}","templated":true}]}}