{"id":1125,"date":"2019-02-27T15:54:54","date_gmt":"2019-02-27T15:54:54","guid":{"rendered":"https:\/\/fleurdelysbleue.nl\/?page_id=1125"},"modified":"2019-02-28T11:32:55","modified_gmt":"2019-02-28T11:32:55","slug":"algemene-voorwaarden","status":"publish","type":"page","link":"https:\/\/fleurdelysbleue.nl\/nl\/algemene-voorwaarden\/","title":{"rendered":"Algemene voorwaarden"},"content":{"rendered":"<h3>Algemene voorwaarden<\/h3>\n<p>Ingevolge de Franse wetgeving, is alleen de Franse tekst van onze algemene voorwaarden rechtsgeldig. Wat volgt is een vertaling.<\/p>\n<p>Art 1 \u2013 Toepassing<\/p>\n<p>De algemene voorwaarden zijn van toepassing op elk verblijf in onze chambres d&#8217;h\u00f4tes en g\u00eete, tenzij anders schriftelijk overeengekomen en ondertekend door de eigenaar of verhuurder.<\/p>\n<p>Art 2 \u2013 Verblijfsduur<\/p>\n<p>Het verblijf in onze chambres d&#8217;h\u00f4tes en g\u00eete kan alleen om toeristische redenen, met een beperkte verblijfsduur. De gast kan in geen enkel geval \u00e9\u00e9n of ander recht inroepen om zijn verblijf te bestendigen.<\/p>\n<p>Art 3 \u2013 Reservering<\/p>\n<p>De reservering is pas geldig wanneer de gast de aanbetaling heeft overgemaakt; dit voorschot bedraagt 50% van de reservering. Onze prijzen voor de chambres d\u2019hotes zijn all-in, inclusief ontbijt en koffie\/thee.<\/p>\n<p>Art 4 \u2013 Betaling<\/p>\n<p>Het resterende bedrag dient uiterlijk 4 weken v\u00f3\u00f3r aankomst op onze bankrekening te zijn bijgeschreven. Maaltijden en consumpties worden op de dag van vertrek afgerekend.<\/p>\n<p>Art 5 \u2013 Annulering door de gast<\/p>\n<p>Elke annulering moet schriftelijk worden aangekondigd. De volgende kosten worden in rekening gebracht:<br \/>\na) bij annulering tot 3 maanden v\u00f3\u00f3r het begin van het verblijf: de aanbetaling van 50% wordt terugbetaald;<br \/>\nb) bij annulering tussen 3 maanden en 4 weken v\u00f3\u00f3r het begin van het verblijf: de aanbetaling van 50% wordt niet terugbetaald, het saldo wordt kwijtgescholden;<br \/>\nc) bij annulering minder dan 30 dagen v\u00f3\u00f3r het begin van het verblijf: het volledige bedrag wordt in rekening gebracht;<br \/>\nd) indien de gast na aankomst besluit het verblijf te verkorten, wordt alsnog de volledige geboekte verblijfsduur in rekening gebracht.<\/p>\n<p>Art 6 \u2013 Annulering door de eigenaars<br \/>\nIn geval de eigenaars zich verplicht zien het verblijf te annuleren, wordt de gast onmiddellijk schriftelijk op de hoogte gebracht. De gast ontvangt eerder gestorte bedragen per direct terug.<\/p>\n<p>Art 7 \u2013 Aankomst<br \/>\nIn geval van een late aankomst (na 19.00 uur), dient de gast de eigenaar hiervan op de hoogte te brengen. Indien het een kort verblijf betreft, en de gast niet voor 19.00 uur is gearriveerd, wordt de overeenkomst als niet-gesloten beschouwd. De eigenaar kan dan beschikken over de kamer. De aanbetaling wordt in dit geval niet teruggestort.<\/p>\n<p>Art 8 \u2013 Verblijfsbelasting<br \/>\nDe verblijfsbelasting (taxe de s\u00e9jour) is een lokale belasting, die door de gast aan de eigenaar moet worden voldaan. Dit bedrag is inbegrepen bij de overnachtingsprijs. De eigenaar betaalt de verblijfsbelasting aan de belastingontvanger.<\/p>\n<p>Art 9 \u2013 Gebruik van de gastenruimtes in en om het huis<br \/>\nDe gast wordt geacht de rust te bewaren, en installaties, gebouwen en meubilair uitsluitend te gebruiken waar ze voor bestemd zijn. De gast verplicht zich de kamers in goede staat te verlaten.<\/p>\n<p>Art 10 \u2013 Capaciteit<br \/>\nDe overeenkomst wordt altijd afgesloten voor een exact aantal personen. Indien het aantal gasten hoger is dan overeengekomen en er geen andere gastenkamers meer beschikbaar zijn, kan de eigenaar de bijkomende gasten de toegang weigeren. Deze weigering kan in geen geval begrepen worden als een wijziging of een annulering van de overeenkomst uitgaande van de eigenaar.<\/p>\n<p>Art 11 \u2013 Huisdieren<br \/>\nHuisdieren worden uitsluitend in overleg met de eigenaar (voorafgaand aan het verblijf) toegelaten op de kamers, in het gebouw of op het terrein van onze chambres d&#8217;h\u00f4tes. De weigering van huisdieren kan in geen geval begrepen worden als een wijziging of een annulering van de overeenkomst uitgaande van de eigenaar.<\/p>\n<p>Art 12 \u2013 Rookverbod<br \/>\nIn huis, in onze gastenkamers en in de g\u00eete mag niet worden gerookt. In overleg met de eigenaar mag op het terras worden gerookt, op voorwaarde dat dit de andere gasten niet stoort.<\/p>\n<p>&nbsp;<\/p>\n<p>&nbsp;<\/p>\n","protected":false},"excerpt":{"rendered":"<p>Algemene voorwaarden Ingevolge de Franse wetgeving, is alleen de Franse  [&#8230;]<\/p>\n","protected":false},"author":1,"featured_media":0,"parent":0,"menu_order":0,"comment_status":"closed","ping_status":"closed","template":"","meta":{"footnotes":""},"class_list":["post-1125","page","type-page","status-publish","hentry"],"_links":{"self":[{"href":"https:\/\/fleurdelysbleue.nl\/nl\/wp-json\/wp\/v2\/pages\/1125","targetHints":{"allow":["GET"]}}],"collection":[{"href":"https:\/\/fleurdelysbleue.nl\/nl\/wp-json\/wp\/v2\/pages"}],"about":[{"href":"https:\/\/fleurdelysbleue.nl\/nl\/wp-json\/wp\/v2\/types\/page"}],"author":[{"embeddable":true,"href":"https:\/\/fleurdelysbleue.nl\/nl\/wp-json\/wp\/v2\/users\/1"}],"replies":[{"embeddable":true,"href":"https:\/\/fleurdelysbleue.nl\/nl\/wp-json\/wp\/v2\/comments?post=1125"}],"version-history":[{"count":2,"href":"https:\/\/fleurdelysbleue.nl\/nl\/wp-json\/wp\/v2\/pages\/1125\/revisions"}],"predecessor-version":[{"id":1148,"href":"https:\/\/fleurdelysbleue.nl\/nl\/wp-json\/wp\/v2\/pages\/1125\/revisions\/1148"}],"wp:attachment":[{"href":"https:\/\/fleurdelysbleue.nl\/nl\/wp-json\/wp\/v2\/media?parent=1125"}],"curies":[{"name":"wp","href":"https:\/\/api.w.org\/{rel}","templated":true}]}}